{"id":294,"date":"2017-03-08T14:43:17","date_gmt":"2017-03-08T19:43:17","guid":{"rendered":"https:\/\/hydraguardroofproducts.com\/?page_id=294\/"},"modified":"2017-03-08T14:43:17","modified_gmt":"2017-03-08T19:43:17","slug":"acerca-de-nosotros","status":"publish","type":"page","link":"https:\/\/hydraguardroofproducts.com\/es\/acerca-de-nosotros\/","title":{"rendered":"Acerca de Nosotros"},"content":{"rendered":"<p>Los productos para techo Hydraguard son membranas bituminosas modificadas de grado econ\u00f3mico y nivel b\u00e1sico, y revestimientos de techo para aplicaciones de pendiente baja y pronunciada.<\/p>\n<p>Dise\u00f1ados para ser instalados por un profesional de techos, los productos Hydraguard incluyen base de APP y l\u00e1minas superiores, membranas bases de tejado y revestimientos elastom\u00e9ricos y de cemento pl\u00e1stico.<\/p>\n<p>Fabricados por Polyglass USA, Inc., los productos para techo Hydraguard se pueden encontrar en centros de distribuci\u00f3n de materiales de construcci\u00f3n y productos profesionales para techos en todo el pa\u00eds.<\/p>\n","protected":false},"excerpt":{"rendered":"<p>Los productos para techo Hydraguard son membranas bituminosas modificadas de grado econ\u00f3mico y nivel b\u00e1sico, y revestimientos de techo para aplicaciones de pendiente baja y pronunciada. Dise\u00f1ados para ser instalados por un profesional de techos, los productos Hydraguard incluyen base de APP y l\u00e1minas superiores, membranas bases de tejado y revestimientos elastom\u00e9ricos y de cemento [&hellip;]<\/p>\n","protected":false},"author":1,"featured_media":0,"parent":0,"menu_order":0,"comment_status":"closed","ping_status":"closed","template":"","meta":{"_acf_changed":false,"footnotes":""},"class_list":["post-294","page","type-page","status-publish","hentry"],"acf":[],"yoast_head":"<!-- This site is optimized with the Yoast SEO plugin v27.3 - https:\/\/yoast.com\/product\/yoast-seo-wordpress\/ -->\n<title>Acerca de Nosotros - Roof Coatings &amp; Sealants - Hydraguard Roof Products<\/title>\n<meta name=\"robots\" content=\"index, follow, max-snippet:-1, max-image-preview:large, max-video-preview:-1\" \/>\n<link rel=\"canonical\" href=\"https:\/\/hydraguardroofproducts.com\/es\/acerca-de-nosotros\/\" \/>\n<meta property=\"og:locale\" content=\"es_ES\" \/>\n<meta property=\"og:type\" content=\"article\" \/>\n<meta property=\"og:title\" content=\"Acerca de Nosotros - Roof Coatings &amp; Sealants - Hydraguard Roof Products\" \/>\n<meta property=\"og:description\" content=\"Los productos para techo Hydraguard son membranas bituminosas modificadas de grado econ\u00f3mico y nivel b\u00e1sico, y revestimientos de techo para aplicaciones de pendiente baja y pronunciada. Dise\u00f1ados para ser instalados por un profesional de techos, los productos Hydraguard incluyen base de APP y l\u00e1minas superiores, membranas bases de tejado y revestimientos elastom\u00e9ricos y de cemento [&hellip;]\" \/>\n<meta property=\"og:url\" content=\"https:\/\/hydraguardroofproducts.com\/es\/acerca-de-nosotros\/\" \/>\n<meta property=\"og:site_name\" content=\"Hydraguard Roof Products\" \/>\n<meta name=\"twitter:card\" content=\"summary_large_image\" \/>\n<script type=\"application\/ld+json\" class=\"yoast-schema-graph\">{\"@context\":\"https:\\\/\\\/schema.org\",\"@graph\":[{\"@type\":\"WebPage\",\"@id\":\"https:\\\/\\\/hydraguardroofproducts.com\\\/es\\\/acerca-de-nosotros\\\/\",\"url\":\"https:\\\/\\\/hydraguardroofproducts.com\\\/es\\\/acerca-de-nosotros\\\/\",\"name\":\"Acerca de Nosotros - Roof Coatings & Sealants - Hydraguard Roof Products\",\"isPartOf\":{\"@id\":\"https:\\\/\\\/hydraguardroofproducts.com\\\/#website\"},\"datePublished\":\"2017-03-08T19:43:17+00:00\",\"breadcrumb\":{\"@id\":\"https:\\\/\\\/hydraguardroofproducts.com\\\/es\\\/acerca-de-nosotros\\\/#breadcrumb\"},\"inLanguage\":\"es\",\"potentialAction\":[{\"@type\":\"ReadAction\",\"target\":[\"https:\\\/\\\/hydraguardroofproducts.com\\\/es\\\/acerca-de-nosotros\\\/\"]}]},{\"@type\":\"BreadcrumbList\",\"@id\":\"https:\\\/\\\/hydraguardroofproducts.com\\\/es\\\/acerca-de-nosotros\\\/#breadcrumb\",\"itemListElement\":[{\"@type\":\"ListItem\",\"position\":1,\"name\":\"Home\",\"item\":\"https:\\\/\\\/hydraguardroofproducts.com\\\/es\\\/\"},{\"@type\":\"ListItem\",\"position\":2,\"name\":\"Acerca de Nosotros\"}]},{\"@type\":\"WebSite\",\"@id\":\"https:\\\/\\\/hydraguardroofproducts.com\\\/#website\",\"url\":\"https:\\\/\\\/hydraguardroofproducts.com\\\/\",\"name\":\"Hydraguard Roof Products\",\"description\":\"\",\"potentialAction\":[{\"@type\":\"SearchAction\",\"target\":{\"@type\":\"EntryPoint\",\"urlTemplate\":\"https:\\\/\\\/hydraguardroofproducts.com\\\/?s={search_term_string}\"},\"query-input\":{\"@type\":\"PropertyValueSpecification\",\"valueRequired\":true,\"valueName\":\"search_term_string\"}}],\"inLanguage\":\"es\"}]}<\/script>\n<!-- \/ Yoast SEO plugin. -->","yoast_head_json":{"title":"Acerca de Nosotros - Roof Coatings & Sealants - Hydraguard Roof Products","robots":{"index":"index","follow":"follow","max-snippet":"max-snippet:-1","max-image-preview":"max-image-preview:large","max-video-preview":"max-video-preview:-1"},"canonical":"https:\/\/hydraguardroofproducts.com\/es\/acerca-de-nosotros\/","og_locale":"es_ES","og_type":"article","og_title":"Acerca de Nosotros - Roof Coatings & Sealants - Hydraguard Roof Products","og_description":"Los productos para techo Hydraguard son membranas bituminosas modificadas de grado econ\u00f3mico y nivel b\u00e1sico, y revestimientos de techo para aplicaciones de pendiente baja y pronunciada. Dise\u00f1ados para ser instalados por un profesional de techos, los productos Hydraguard incluyen base de APP y l\u00e1minas superiores, membranas bases de tejado y revestimientos elastom\u00e9ricos y de cemento [&hellip;]","og_url":"https:\/\/hydraguardroofproducts.com\/es\/acerca-de-nosotros\/","og_site_name":"Hydraguard Roof Products","twitter_card":"summary_large_image","schema":{"@context":"https:\/\/schema.org","@graph":[{"@type":"WebPage","@id":"https:\/\/hydraguardroofproducts.com\/es\/acerca-de-nosotros\/","url":"https:\/\/hydraguardroofproducts.com\/es\/acerca-de-nosotros\/","name":"Acerca de Nosotros - Roof Coatings & Sealants - Hydraguard Roof Products","isPartOf":{"@id":"https:\/\/hydraguardroofproducts.com\/#website"},"datePublished":"2017-03-08T19:43:17+00:00","breadcrumb":{"@id":"https:\/\/hydraguardroofproducts.com\/es\/acerca-de-nosotros\/#breadcrumb"},"inLanguage":"es","potentialAction":[{"@type":"ReadAction","target":["https:\/\/hydraguardroofproducts.com\/es\/acerca-de-nosotros\/"]}]},{"@type":"BreadcrumbList","@id":"https:\/\/hydraguardroofproducts.com\/es\/acerca-de-nosotros\/#breadcrumb","itemListElement":[{"@type":"ListItem","position":1,"name":"Home","item":"https:\/\/hydraguardroofproducts.com\/es\/"},{"@type":"ListItem","position":2,"name":"Acerca de Nosotros"}]},{"@type":"WebSite","@id":"https:\/\/hydraguardroofproducts.com\/#website","url":"https:\/\/hydraguardroofproducts.com\/","name":"Hydraguard Roof Products","description":"","potentialAction":[{"@type":"SearchAction","target":{"@type":"EntryPoint","urlTemplate":"https:\/\/hydraguardroofproducts.com\/?s={search_term_string}"},"query-input":{"@type":"PropertyValueSpecification","valueRequired":true,"valueName":"search_term_string"}}],"inLanguage":"es"}]}},"_links":{"self":[{"href":"https:\/\/hydraguardroofproducts.com\/es\/wp-json\/wp\/v2\/pages\/294\/"}],"collection":[{"href":"https:\/\/hydraguardroofproducts.com\/es\/wp-json\/wp\/v2\/pages\/"}],"about":[{"href":"https:\/\/hydraguardroofproducts.com\/es\/wp-json\/wp\/v2\/types\/page\/"}],"author":[{"embeddable":true,"href":"https:\/\/hydraguardroofproducts.com\/es\/wp-json\/wp\/v2\/users\/1\/"}],"replies":[{"embeddable":true,"href":"https:\/\/hydraguardroofproducts.com\/es\/wp-json\/wp\/v2\/comments\/?post=294"}],"version-history":[{"count":0,"href":"https:\/\/hydraguardroofproducts.com\/es\/wp-json\/wp\/v2\/pages\/294\/revisions\/"}],"wp:attachment":[{"href":"https:\/\/hydraguardroofproducts.com\/es\/wp-json\/wp\/v2\/media\/?parent=294"}],"curies":[{"name":"wp","href":"https:\/\/api.w.org\/{rel}","templated":true}]}}